{"id":10852,"date":"2022-05-19T20:42:52","date_gmt":"2022-05-19T17:42:52","guid":{"rendered":"http:\/\/elapaslanmaz.com.tr\/urun\/ela-aks-1150-kisa-noktasal-tutucu\/"},"modified":"2022-05-22T21:33:15","modified_gmt":"2022-05-22T18:33:15","slug":"ela-aks-1150-short-point-holder","status":"publish","type":"product","link":"https:\/\/elapaslanmaz.com.tr\/en\/product\/ela-aks-1150-short-point-holder\/","title":{"rendered":"ELA-AKS 1150 SHORT POINT HOLDER"},"content":{"rendered":"","protected":false},"excerpt":{"rendered":"<p>(M10-M8 T\u0130JL\u0130 S\u0130STEM) (40*20mm)-(50*20mm)<\/p>\n","protected":false},"featured_media":10853,"template":"","meta":{"inline_featured_image":false},"product_cat":[77],"product_tag":[],"class_list":{"0":"post-10852","1":"product","2":"type-product","3":"status-publish","4":"has-post-thumbnail","6":"product_cat-glass-console-models","8":"first","9":"instock","10":"shipping-taxable","11":"product-type-simple"},"_links":{"self":[{"href":"https:\/\/elapaslanmaz.com.tr\/en\/wp-json\/wp\/v2\/product\/10852","targetHints":{"allow":["GET"]}}],"collection":[{"href":"https:\/\/elapaslanmaz.com.tr\/en\/wp-json\/wp\/v2\/product"}],"about":[{"href":"https:\/\/elapaslanmaz.com.tr\/en\/wp-json\/wp\/v2\/types\/product"}],"wp:featuredmedia":[{"embeddable":true,"href":"https:\/\/elapaslanmaz.com.tr\/en\/wp-json\/wp\/v2\/media\/10853"}],"wp:attachment":[{"href":"https:\/\/elapaslanmaz.com.tr\/en\/wp-json\/wp\/v2\/media?parent=10852"}],"wp:term":[{"taxonomy":"product_cat","embeddable":true,"href":"https:\/\/elapaslanmaz.com.tr\/en\/wp-json\/wp\/v2\/product_cat?post=10852"},{"taxonomy":"product_tag","embeddable":true,"href":"https:\/\/elapaslanmaz.com.tr\/en\/wp-json\/wp\/v2\/product_tag?post=10852"}],"curies":[{"name":"wp","href":"https:\/\/api.w.org\/{rel}","templated":true}]}}