{"id":10869,"date":"2022-05-19T20:42:52","date_gmt":"2022-05-19T17:42:52","guid":{"rendered":"http:\/\/elapaslanmaz.com.tr\/urun\/ela-aks-1153-plus-noktasal-tutucu\/"},"modified":"2022-05-22T21:33:34","modified_gmt":"2022-05-22T18:33:34","slug":"ela-aks-1153-plus-point-holder","status":"publish","type":"product","link":"https:\/\/elapaslanmaz.com.tr\/en\/product\/ela-aks-1153-plus-point-holder\/","title":{"rendered":"ELA-AKS 1153 PLUS POINT HOLDER"},"content":{"rendered":"","protected":false},"excerpt":{"rendered":"<p>(\u00c7\u0130FT PAR\u00c7ALI AYARLI) (40*40mm) \u2013 (50*50mm)<\/p>\n","protected":false},"featured_media":10870,"template":"","meta":{"inline_featured_image":false},"product_cat":[77],"product_tag":[],"class_list":{"0":"post-10869","1":"product","2":"type-product","3":"status-publish","4":"has-post-thumbnail","6":"product_cat-glass-console-models","8":"first","9":"instock","10":"shipping-taxable","11":"product-type-simple"},"_links":{"self":[{"href":"https:\/\/elapaslanmaz.com.tr\/en\/wp-json\/wp\/v2\/product\/10869","targetHints":{"allow":["GET"]}}],"collection":[{"href":"https:\/\/elapaslanmaz.com.tr\/en\/wp-json\/wp\/v2\/product"}],"about":[{"href":"https:\/\/elapaslanmaz.com.tr\/en\/wp-json\/wp\/v2\/types\/product"}],"wp:featuredmedia":[{"embeddable":true,"href":"https:\/\/elapaslanmaz.com.tr\/en\/wp-json\/wp\/v2\/media\/10870"}],"wp:attachment":[{"href":"https:\/\/elapaslanmaz.com.tr\/en\/wp-json\/wp\/v2\/media?parent=10869"}],"wp:term":[{"taxonomy":"product_cat","embeddable":true,"href":"https:\/\/elapaslanmaz.com.tr\/en\/wp-json\/wp\/v2\/product_cat?post=10869"},{"taxonomy":"product_tag","embeddable":true,"href":"https:\/\/elapaslanmaz.com.tr\/en\/wp-json\/wp\/v2\/product_tag?post=10869"}],"curies":[{"name":"wp","href":"https:\/\/api.w.org\/{rel}","templated":true}]}}