{"id":10873,"date":"2022-05-19T20:42:52","date_gmt":"2022-05-19T17:42:52","guid":{"rendered":"http:\/\/elapaslanmaz.com.tr\/urun\/ela-aks-1154-connector\/"},"modified":"2022-05-19T20:42:52","modified_gmt":"2022-05-19T17:42:52","slug":"ela-aks-1154-connector","status":"publish","type":"product","link":"https:\/\/elapaslanmaz.com.tr\/en\/product\/ela-aks-1154-connector\/","title":{"rendered":"ELA-AKS 1154 CONNECTOR"},"content":{"rendered":"","protected":false},"excerpt":{"rendered":"<p>(SP\u0130DER TAKIM \u0130\u00c7\u0130N) d: 40mm-50mm-60mm<\/p>\n","protected":false},"featured_media":10874,"template":"","meta":{"inline_featured_image":false},"product_cat":[87],"product_tag":[],"class_list":{"0":"post-10873","1":"product","2":"type-product","3":"status-publish","4":"has-post-thumbnail","6":"product_cat-spider-glass-holders","8":"first","9":"instock","10":"shipping-taxable","11":"product-type-simple"},"_links":{"self":[{"href":"https:\/\/elapaslanmaz.com.tr\/en\/wp-json\/wp\/v2\/product\/10873","targetHints":{"allow":["GET"]}}],"collection":[{"href":"https:\/\/elapaslanmaz.com.tr\/en\/wp-json\/wp\/v2\/product"}],"about":[{"href":"https:\/\/elapaslanmaz.com.tr\/en\/wp-json\/wp\/v2\/types\/product"}],"wp:featuredmedia":[{"embeddable":true,"href":"https:\/\/elapaslanmaz.com.tr\/en\/wp-json\/wp\/v2\/media\/10874"}],"wp:attachment":[{"href":"https:\/\/elapaslanmaz.com.tr\/en\/wp-json\/wp\/v2\/media?parent=10873"}],"wp:term":[{"taxonomy":"product_cat","embeddable":true,"href":"https:\/\/elapaslanmaz.com.tr\/en\/wp-json\/wp\/v2\/product_cat?post=10873"},{"taxonomy":"product_tag","embeddable":true,"href":"https:\/\/elapaslanmaz.com.tr\/en\/wp-json\/wp\/v2\/product_tag?post=10873"}],"curies":[{"name":"wp","href":"https:\/\/api.w.org\/{rel}","templated":true}]}}