{"id":10963,"date":"2022-05-19T20:42:57","date_gmt":"2022-05-19T17:42:57","guid":{"rendered":"http:\/\/elapaslanmaz.com.tr\/urun\/ela-aks-1181-boru-tipi-hazir-dikme\/"},"modified":"2022-05-22T21:42:15","modified_gmt":"2022-05-22T18:42:15","slug":"ela-aks-1181-pipe-type-pillar","status":"publish","type":"product","link":"https:\/\/elapaslanmaz.com.tr\/en\/product\/ela-aks-1181-pipe-type-pillar\/","title":{"rendered":"ELA-AKS 1181 PIPE TYPE PILLAR"},"content":{"rendered":"","protected":false},"excerpt":{"rendered":"<p>(YANDAN BADEM Y\u00dcZ\u00dcK BA\u011eL.)<\/p>\n","protected":false},"featured_media":10964,"template":"","meta":{"inline_featured_image":false},"product_cat":[82],"product_tag":[],"class_list":{"0":"post-10963","1":"product","2":"type-product","3":"status-publish","4":"has-post-thumbnail","6":"product_cat-ready-pillars","8":"first","9":"instock","10":"shipping-taxable","11":"product-type-simple"},"_links":{"self":[{"href":"https:\/\/elapaslanmaz.com.tr\/en\/wp-json\/wp\/v2\/product\/10963","targetHints":{"allow":["GET"]}}],"collection":[{"href":"https:\/\/elapaslanmaz.com.tr\/en\/wp-json\/wp\/v2\/product"}],"about":[{"href":"https:\/\/elapaslanmaz.com.tr\/en\/wp-json\/wp\/v2\/types\/product"}],"wp:featuredmedia":[{"embeddable":true,"href":"https:\/\/elapaslanmaz.com.tr\/en\/wp-json\/wp\/v2\/media\/10964"}],"wp:attachment":[{"href":"https:\/\/elapaslanmaz.com.tr\/en\/wp-json\/wp\/v2\/media?parent=10963"}],"wp:term":[{"taxonomy":"product_cat","embeddable":true,"href":"https:\/\/elapaslanmaz.com.tr\/en\/wp-json\/wp\/v2\/product_cat?post=10963"},{"taxonomy":"product_tag","embeddable":true,"href":"https:\/\/elapaslanmaz.com.tr\/en\/wp-json\/wp\/v2\/product_tag?post=10963"}],"curies":[{"name":"wp","href":"https:\/\/api.w.org\/{rel}","templated":true}]}}