{"id":10973,"date":"2022-05-19T20:42:57","date_gmt":"2022-05-19T17:42:57","guid":{"rendered":"http:\/\/elapaslanmaz.com.tr\/urun\/ela-aks-1186-lama-tipi-hazir-dikme\/"},"modified":"2022-05-22T21:42:55","modified_gmt":"2022-05-22T18:42:55","slug":"ela-aks-1186-rectangle-type-pillar","status":"publish","type":"product","link":"https:\/\/elapaslanmaz.com.tr\/en\/product\/ela-aks-1186-rectangle-type-pillar\/","title":{"rendered":"ELA-AKS 1186 RECTANGLE TYPE PILLAR"},"content":{"rendered":"","protected":false},"excerpt":{"rendered":"<p>(\u0130K\u0130L\u0130 LAMA T\u0130P\u0130)<\/p>\n","protected":false},"featured_media":10974,"template":"","meta":{"inline_featured_image":false},"product_cat":[82],"product_tag":[],"class_list":{"0":"post-10973","1":"product","2":"type-product","3":"status-publish","4":"has-post-thumbnail","6":"product_cat-ready-pillars","8":"first","9":"instock","10":"shipping-taxable","11":"product-type-simple"},"_links":{"self":[{"href":"https:\/\/elapaslanmaz.com.tr\/en\/wp-json\/wp\/v2\/product\/10973","targetHints":{"allow":["GET"]}}],"collection":[{"href":"https:\/\/elapaslanmaz.com.tr\/en\/wp-json\/wp\/v2\/product"}],"about":[{"href":"https:\/\/elapaslanmaz.com.tr\/en\/wp-json\/wp\/v2\/types\/product"}],"wp:featuredmedia":[{"embeddable":true,"href":"https:\/\/elapaslanmaz.com.tr\/en\/wp-json\/wp\/v2\/media\/10974"}],"wp:attachment":[{"href":"https:\/\/elapaslanmaz.com.tr\/en\/wp-json\/wp\/v2\/media?parent=10973"}],"wp:term":[{"taxonomy":"product_cat","embeddable":true,"href":"https:\/\/elapaslanmaz.com.tr\/en\/wp-json\/wp\/v2\/product_cat?post=10973"},{"taxonomy":"product_tag","embeddable":true,"href":"https:\/\/elapaslanmaz.com.tr\/en\/wp-json\/wp\/v2\/product_tag?post=10973"}],"curies":[{"name":"wp","href":"https:\/\/api.w.org\/{rel}","templated":true}]}}